{"id":523,"date":"2019-04-05T08:58:43","date_gmt":"2019-04-05T08:58:43","guid":{"rendered":"http:\/\/itsjorna.nl\/?page_id=21"},"modified":"2019-04-05T08:58:43","modified_gmt":"2019-04-05T08:58:43","slug":"smart-factory-3","status":"publish","type":"page","link":"https:\/\/itsjorna.nl\/?page_id=523&lang=de","title":{"rendered":"Smart Factory"},"content":{"rendered":"\n<p>In Unternehmen ist es heute normal, dass B\u00fcroprozesse mit IT-Systemen wie ERP verkn\u00fcpft werden. Bei der Automatisierung der Produktionsprozesse ist dies seltener, aber durchaus m\u00f6glich. F\u00fcr diese Anwendung k\u00f6nnen Operational Technology Systems (OT) wie SPS, SCADA oder DCS eingesetzt werden.<\/p>\n\n\n\n<p>Es ist ein Muss f\u00fcr moderne Produktionsunternehmen, qualitativ hochwertige, effiziente und flexible Produkte herstellen zu k\u00f6nnen. Die Fehlervermeidung ist dabei sehr wichtig, in vielen F\u00e4llen ist es m\u00f6glich, Daten zu sammeln und bevor sie tats\u00e4chlich produziert werden, um die Produktion einzustellen, wenn die Parameter falsch sind. Prozesse zu automatisieren und zu visualisieren und Daten zu sammeln, sind starke Werkzeuge.<\/p>\n\n\n\n<p>In jedem Prozess werden die Anforderungen immer strenger, sowohl die Qualit\u00e4tsanforderungen des Kunden als auch die Gesetze und Vorschriften. Die kontinuierliche \u00dcberwachung und Konservierung von Prozessdaten leistet einen wichtigen Beitrag zur Verbesserung, Verwaltung, Steuerung, Steuerung, Optimierung und Effizienzsteigerung Ihrer Prozesse. Auch die Kommunikation mit dem Kunden ist professioneller, weil ein Analysebericht leicht erstellt werden kann.<\/p>\n","protected":false},"excerpt":{"rendered":"<p>In Unternehmen ist es heute normal, dass B\u00fcroprozesse mit IT-Systemen wie ERP verkn\u00fcpft werden. Bei der Automatisierung der Produktionsprozesse ist dies seltener, aber durchaus m\u00f6glich.&hellip;<\/p>\n","protected":false},"author":1,"featured_media":0,"parent":0,"menu_order":0,"comment_status":"closed","ping_status":"closed","template":"","meta":{"footnotes":""},"class_list":["post-523","page","type-page","status-publish","hentry"],"_links":{"self":[{"href":"https:\/\/itsjorna.nl\/index.php?rest_route=\/wp\/v2\/pages\/523","targetHints":{"allow":["GET"]}}],"collection":[{"href":"https:\/\/itsjorna.nl\/index.php?rest_route=\/wp\/v2\/pages"}],"about":[{"href":"https:\/\/itsjorna.nl\/index.php?rest_route=\/wp\/v2\/types\/page"}],"author":[{"embeddable":true,"href":"https:\/\/itsjorna.nl\/index.php?rest_route=\/wp\/v2\/users\/1"}],"replies":[{"embeddable":true,"href":"https:\/\/itsjorna.nl\/index.php?rest_route=%2Fwp%2Fv2%2Fcomments&post=523"}],"version-history":[{"count":0,"href":"https:\/\/itsjorna.nl\/index.php?rest_route=\/wp\/v2\/pages\/523\/revisions"}],"wp:attachment":[{"href":"https:\/\/itsjorna.nl\/index.php?rest_route=%2Fwp%2Fv2%2Fmedia&parent=523"}],"curies":[{"name":"wp","href":"https:\/\/api.w.org\/{rel}","templated":true}]}}