{"id":521,"date":"2019-04-14T12:56:44","date_gmt":"2019-04-14T12:56:44","guid":{"rendered":"http:\/\/itsjorna.nl\/?page_id=376"},"modified":"2019-04-14T12:56:44","modified_gmt":"2019-04-14T12:56:44","slug":"projektmanagement","status":"publish","type":"page","link":"https:\/\/itsjorna.nl\/?page_id=521&lang=de","title":{"rendered":"Projektmanagement"},"content":{"rendered":"\n<p>Als Unternehmen sind Sie nat\u00fcrlich mit Ihren eigenen Aktivit\u00e4ten besch\u00e4ftigt, wenn Sie ein technisches Projekt durchf\u00fchren wollen, dann wird das oft das eigene Personal in organisationalem Bereich zus\u00e4tzlich unter Druck gesetzt. Ich kann Sie unterst\u00fctzen, indem ich f\u00fcr Sie das technische Projektmanagement organisiere.<\/p>\n","protected":false},"excerpt":{"rendered":"<p>Als Unternehmen sind Sie nat\u00fcrlich mit Ihren eigenen Aktivit\u00e4ten besch\u00e4ftigt, wenn Sie ein technisches Projekt durchf\u00fchren wollen, dann wird das oft das eigene Personal in&hellip;<\/p>\n","protected":false},"author":1,"featured_media":0,"parent":0,"menu_order":0,"comment_status":"closed","ping_status":"closed","template":"","meta":{"footnotes":""},"class_list":["post-521","page","type-page","status-publish","hentry"],"_links":{"self":[{"href":"https:\/\/itsjorna.nl\/index.php?rest_route=\/wp\/v2\/pages\/521","targetHints":{"allow":["GET"]}}],"collection":[{"href":"https:\/\/itsjorna.nl\/index.php?rest_route=\/wp\/v2\/pages"}],"about":[{"href":"https:\/\/itsjorna.nl\/index.php?rest_route=\/wp\/v2\/types\/page"}],"author":[{"embeddable":true,"href":"https:\/\/itsjorna.nl\/index.php?rest_route=\/wp\/v2\/users\/1"}],"replies":[{"embeddable":true,"href":"https:\/\/itsjorna.nl\/index.php?rest_route=%2Fwp%2Fv2%2Fcomments&post=521"}],"version-history":[{"count":0,"href":"https:\/\/itsjorna.nl\/index.php?rest_route=\/wp\/v2\/pages\/521\/revisions"}],"wp:attachment":[{"href":"https:\/\/itsjorna.nl\/index.php?rest_route=%2Fwp%2Fv2%2Fmedia&parent=521"}],"curies":[{"name":"wp","href":"https:\/\/api.w.org\/{rel}","templated":true}]}}