{"id":519,"date":"2019-04-05T08:58:12","date_gmt":"2019-04-05T08:58:12","guid":{"rendered":"http:\/\/itsjorna.nl\/?page_id=19"},"modified":"2019-04-05T08:58:12","modified_gmt":"2019-04-05T08:58:12","slug":"prozesssteuerung","status":"publish","type":"page","link":"https:\/\/itsjorna.nl\/?page_id=519&lang=de","title":{"rendered":"Prozesssteuerung"},"content":{"rendered":"\n<p>Prozessparameter wie Druck, Flow, Dimension und Temperatur lassen sich leicht messen und speichern und analysieren:<\/p>\n\n\n\n<ul class=\"wp-block-list\"><li>Was ist, wenn produziert?<\/li><li>Wie viele Rohstoffe und Energie verbraucht werden?<\/li><li>Welche Rohstoffe werden bei welchem Produkt verwendet?<\/li><li>Wie ist die Qualit\u00e4t der Produkte?<\/li><li>Besteht Wartungsbedarf?<\/li><li>Parameter aus der Ferne \u00e4ndern<\/li><li>Verschiedene Verhaltensweisen erkennen:<ul><li><em>Messen und erfassen einen guten laufenden Prozess<\/em><\/li><li><em>Limit-Werte angegeben<\/em><\/li><li><em>Bei \u00dcberschreitung dieser Grenzwerte Alarm<\/em><\/li><\/ul><\/li><\/ul>\n\n\n\n<p>So kann eine Stanzpresse die Dicke des aufgebrachten Materials sowie hydraulische Dr\u00fccke, Temperaturen usw. kontinuierlich messen. Mit Trillingssensoren ist es sogar m\u00f6glich, Verschlei\u00df an Werkzeugen zu messen. Wenn einer dieser Parameter \u00fcber oder unter den festgelegten Grenzwerten ankommt, kann der Prozess gestoppt werden, bevor die Absto\u00dfungsproduktion erstellt wird.<\/p>\n","protected":false},"excerpt":{"rendered":"<p>Prozessparameter wie Druck, Flow, Dimension und Temperatur lassen sich leicht messen und speichern und analysieren: Was ist, wenn produziert? Wie viele Rohstoffe und Energie verbraucht&hellip;<\/p>\n","protected":false},"author":1,"featured_media":0,"parent":0,"menu_order":0,"comment_status":"closed","ping_status":"closed","template":"","meta":{"footnotes":""},"class_list":["post-519","page","type-page","status-publish","hentry"],"_links":{"self":[{"href":"https:\/\/itsjorna.nl\/index.php?rest_route=\/wp\/v2\/pages\/519","targetHints":{"allow":["GET"]}}],"collection":[{"href":"https:\/\/itsjorna.nl\/index.php?rest_route=\/wp\/v2\/pages"}],"about":[{"href":"https:\/\/itsjorna.nl\/index.php?rest_route=\/wp\/v2\/types\/page"}],"author":[{"embeddable":true,"href":"https:\/\/itsjorna.nl\/index.php?rest_route=\/wp\/v2\/users\/1"}],"replies":[{"embeddable":true,"href":"https:\/\/itsjorna.nl\/index.php?rest_route=%2Fwp%2Fv2%2Fcomments&post=519"}],"version-history":[{"count":0,"href":"https:\/\/itsjorna.nl\/index.php?rest_route=\/wp\/v2\/pages\/519\/revisions"}],"wp:attachment":[{"href":"https:\/\/itsjorna.nl\/index.php?rest_route=%2Fwp%2Fv2%2Fmedia&parent=519"}],"curies":[{"name":"wp","href":"https:\/\/api.w.org\/{rel}","templated":true}]}}