{"id":517,"date":"2019-04-12T12:14:25","date_gmt":"2019-04-12T12:14:25","guid":{"rendered":"http:\/\/itsjorna.nl\/?page_id=259"},"modified":"2019-05-09T08:58:33","modified_gmt":"2019-05-09T08:58:33","slug":"oee-verbesserung","status":"publish","type":"page","link":"https:\/\/itsjorna.nl\/?page_id=517&lang=de","title":{"rendered":"OEE-Verbesserung"},"content":{"rendered":"\n<p>Wie effektiv ist Ihre Maschinen-oder Produktionslinie? Der OEE-Prozentsatz gibt an, wie gut ein bestimmtes Produkt auf einer Maschine (Linie) produziert wird.<\/p>\n\n\n\n<p>Die Buchstaben OEE stehen f\u00fcr die Gesamtausr\u00fcstungsleistung und handeln von der Wirksamkeit einer Maschine oder Produktionslinie, nicht von deren Effizienz. OEE gibt an, wie viel Prozent der theoretischen H\u00f6chstzahl an guten Produkten tats\u00e4chlich produziert wurde.<\/p>\n\n\n\n<p>Bei der Verbesserung der OEE kann durch eine gute Analyse des aktuellen Prozesses begonnen werden. Zum Beispiel kann eine Videoaufzeichnung der vom Bediener geleisteten Arbeit gemacht werden, mit diesen Bildern kann eine Analyse durchgef\u00fchrt werden oder zum Beispiel eine doppelte Aktion durchgef\u00fchrt werden, die eine Maschine ger\u00e4uschloser macht als n\u00f6tig, wird auch Daten k\u00f6nnen gemessen und analysiert werden.<\/p>\n\n\n\n<p>Das Motto lautet: Einfach anfangen! Oft ist es m\u00f6glich, im Prozess leicht Daten zu sammeln, um den aktuellen OEE-Anteil zu ermitteln. Mit dieser Zahl als Grundlage k\u00f6nnen wir einen Plan machen, wie wir sie verbessern k\u00f6nnen.<\/p>\n\n\n\n<figure class=\"wp-block-image is-resized\"><img loading=\"lazy\" decoding=\"async\" src=\"http:\/\/itsjorna.nl\/wp-content\/uploads\/2019\/04\/Log-WinCC-1024x535.png\" alt=\"\" class=\"wp-image-395\" width=\"460\" height=\"240\" srcset=\"https:\/\/itsjorna.nl\/wp-content\/uploads\/2019\/04\/Log-WinCC-1024x535.png 1024w, https:\/\/itsjorna.nl\/wp-content\/uploads\/2019\/04\/Log-WinCC-300x157.png 300w, https:\/\/itsjorna.nl\/wp-content\/uploads\/2019\/04\/Log-WinCC-768x401.png 768w, https:\/\/itsjorna.nl\/wp-content\/uploads\/2019\/04\/Log-WinCC.png 1872w\" sizes=\"auto, (max-width: 460px) 100vw, 460px\" \/><\/figure>\n\n\n\n<p>Ich kann mich um die gesamte oder einen Teil der Maschineneinstellungen k\u00fcmmern.<\/p>\n","protected":false},"excerpt":{"rendered":"<p>Wie effektiv ist Ihre Maschinen-oder Produktionslinie? Der OEE-Prozentsatz gibt an, wie gut ein bestimmtes Produkt auf einer Maschine (Linie) produziert wird. Die Buchstaben OEE stehen&hellip;<\/p>\n","protected":false},"author":1,"featured_media":0,"parent":0,"menu_order":0,"comment_status":"closed","ping_status":"closed","template":"","meta":{"footnotes":""},"class_list":["post-517","page","type-page","status-publish","hentry"],"_links":{"self":[{"href":"https:\/\/itsjorna.nl\/index.php?rest_route=\/wp\/v2\/pages\/517","targetHints":{"allow":["GET"]}}],"collection":[{"href":"https:\/\/itsjorna.nl\/index.php?rest_route=\/wp\/v2\/pages"}],"about":[{"href":"https:\/\/itsjorna.nl\/index.php?rest_route=\/wp\/v2\/types\/page"}],"author":[{"embeddable":true,"href":"https:\/\/itsjorna.nl\/index.php?rest_route=\/wp\/v2\/users\/1"}],"replies":[{"embeddable":true,"href":"https:\/\/itsjorna.nl\/index.php?rest_route=%2Fwp%2Fv2%2Fcomments&post=517"}],"version-history":[{"count":1,"href":"https:\/\/itsjorna.nl\/index.php?rest_route=\/wp\/v2\/pages\/517\/revisions"}],"predecessor-version":[{"id":593,"href":"https:\/\/itsjorna.nl\/index.php?rest_route=\/wp\/v2\/pages\/517\/revisions\/593"}],"wp:attachment":[{"href":"https:\/\/itsjorna.nl\/index.php?rest_route=%2Fwp%2Fv2%2Fmedia&parent=517"}],"curies":[{"name":"wp","href":"https:\/\/api.w.org\/{rel}","templated":true}]}}