{"id":516,"date":"2019-04-05T08:56:26","date_gmt":"2019-04-05T08:56:26","guid":{"rendered":"http:\/\/itsjorna.nl\/?page_id=13"},"modified":"2019-05-09T08:59:10","modified_gmt":"2019-05-09T08:59:10","slug":"sicherheits-sicherheitlich-und-ce-markierungs-verbundmaschinen","status":"publish","type":"page","link":"https:\/\/itsjorna.nl\/?page_id=516&lang=de","title":{"rendered":"Maschinensicherheit und CE-Kennzeichnung"},"content":{"rendered":"\n<p>CE-Kennzeichnungsmaschinen gem\u00e4\u00df der Maschinenrichtlinie machen es nachweisbar, dass eine Maschine oder Installation f\u00fcr den Einsatz sicher ist. Jeder Hersteller oder Lieferant, der eine Maschine oder Installation innerhalb der EU vermarktet oder in Betrieb nimmt, ist f\u00fcr die Einhaltung der Maschinenrichtlinie und anderer relevanter Produktrichtlinien verantwortlich und regelt damit die Haftung. Und eine Rechtsverletzung vermeiden.<\/p>\n\n\n\n<figure class=\"wp-block-image\"><img loading=\"lazy\" decoding=\"async\" width=\"1024\" height=\"460\" src=\"http:\/\/itsjorna.nl\/wp-content\/uploads\/2019\/05\/CE-plaatje-1024x460.png\" alt=\"\" class=\"wp-image-585\" srcset=\"https:\/\/itsjorna.nl\/wp-content\/uploads\/2019\/05\/CE-plaatje-1024x460.png 1024w, https:\/\/itsjorna.nl\/wp-content\/uploads\/2019\/05\/CE-plaatje-300x135.png 300w, https:\/\/itsjorna.nl\/wp-content\/uploads\/2019\/05\/CE-plaatje-768x345.png 768w\" sizes=\"auto, (max-width: 1024px) 100vw, 1024px\" \/><\/figure>\n\n\n\n<p>Auch wenn eine Produktionslinie aus mehreren separaten Maschinen besteht, ist der Eigent\u00fcmer f\u00fcr die Einhaltung der richtigen Anforderungen verantwortlich. Bei gekoppelten Maschinen mit individuellem CE-Zeichen ist die gesamte Produktionslinie nicht automatisch CE-zertifiziert. Einige Beispiele:<\/p>\n\n\n\n<ul class=\"wp-block-list\"><li>Lieferger\u00e4t gepaart mit einer Verpackungsmaschine<\/li><li>Strip Steel Decoiler mit Punch Press oder Walsinstallatie<\/li><li>Backofen mit Schlitzmaschine<\/li><li>Papieraanvoerapparaat an einer Druckmaschine<\/li><\/ul>\n\n\n\n<p>Ich kann Sie bei der CE-Kennzeichnung sowohl neuer Maschinen, gekoppelter Anlagen als auch bei Maschinen, die Sie oder ich selbst angepasst haben, beraten und unterst\u00fctzen, auch wenn sie bereits in Betrieb genommen wurden.<\/p>\n","protected":false},"excerpt":{"rendered":"<p>CE-Kennzeichnungsmaschinen gem\u00e4\u00df der Maschinenrichtlinie machen es nachweisbar, dass eine Maschine oder Installation f\u00fcr den Einsatz sicher ist. Jeder Hersteller oder Lieferant, der eine Maschine oder&hellip;<\/p>\n","protected":false},"author":1,"featured_media":0,"parent":0,"menu_order":0,"comment_status":"closed","ping_status":"closed","template":"","meta":{"footnotes":""},"class_list":["post-516","page","type-page","status-publish","hentry"],"_links":{"self":[{"href":"https:\/\/itsjorna.nl\/index.php?rest_route=\/wp\/v2\/pages\/516","targetHints":{"allow":["GET"]}}],"collection":[{"href":"https:\/\/itsjorna.nl\/index.php?rest_route=\/wp\/v2\/pages"}],"about":[{"href":"https:\/\/itsjorna.nl\/index.php?rest_route=\/wp\/v2\/types\/page"}],"author":[{"embeddable":true,"href":"https:\/\/itsjorna.nl\/index.php?rest_route=\/wp\/v2\/users\/1"}],"replies":[{"embeddable":true,"href":"https:\/\/itsjorna.nl\/index.php?rest_route=%2Fwp%2Fv2%2Fcomments&post=516"}],"version-history":[{"count":1,"href":"https:\/\/itsjorna.nl\/index.php?rest_route=\/wp\/v2\/pages\/516\/revisions"}],"predecessor-version":[{"id":594,"href":"https:\/\/itsjorna.nl\/index.php?rest_route=\/wp\/v2\/pages\/516\/revisions\/594"}],"wp:attachment":[{"href":"https:\/\/itsjorna.nl\/index.php?rest_route=%2Fwp%2Fv2%2Fmedia&parent=516"}],"curies":[{"name":"wp","href":"https:\/\/api.w.org\/{rel}","templated":true}]}}