{"id":468,"date":"2019-04-05T08:55:08","date_gmt":"2019-04-05T08:55:08","guid":{"rendered":"http:\/\/itsjorna.nl\/?page_id=9"},"modified":"2019-04-17T09:07:14","modified_gmt":"2019-04-17T09:07:14","slug":"datensammlung","status":"publish","type":"page","link":"https:\/\/itsjorna.nl\/?page_id=468&lang=de","title":{"rendered":"Datenerhebung"},"content":{"rendered":"\n<p>Die Maschinen sind oft mit SPS-Systemen ausgestattet. Verschiedene sensors sind hier verbunden und bieten die Kontrolle der Daten, damit die Maschine funktionieren kann. <\/p>\n\n\n\n<p>Das bestehende Steuerungssystem dient als Plattform f\u00fcr das Sammeln von Daten.<\/p>\n\n\n\n<p>Diese Plattform kann ich modifizieren und m\u00f6glicherweise erweitern.<\/p>\n\n\n\n<p>Wenn dies nicht m\u00f6glich oder nicht w\u00fcnschenswert ist, kann ich ein komplettes System zur Verf\u00fcgung stellen, das Daten autonom sammelt.<\/p>\n\n\n\n<p>Oft ist es notwendig, Sensoren oder Wandler zu verwenden, die nicht in der aktuellen Steuerung enthalten sind. In Absprache mit Ihnen ist es mir m\u00f6glich, Ihnen zu helfen oder mich ganz um diese project zu k\u00fcmmern, sowohl elektrisch als auch mechanisch.<\/p>\n","protected":false},"excerpt":{"rendered":"<p>Die Maschinen sind oft mit SPS-Systemen ausgestattet. Verschiedene sensors sind hier verbunden und bieten die Kontrolle der Daten, damit die Maschine funktionieren kann. Das bestehende&hellip;<\/p>\n","protected":false},"author":1,"featured_media":0,"parent":0,"menu_order":0,"comment_status":"closed","ping_status":"closed","template":"","meta":{"footnotes":""},"class_list":["post-468","page","type-page","status-publish","hentry"],"_links":{"self":[{"href":"https:\/\/itsjorna.nl\/index.php?rest_route=\/wp\/v2\/pages\/468","targetHints":{"allow":["GET"]}}],"collection":[{"href":"https:\/\/itsjorna.nl\/index.php?rest_route=\/wp\/v2\/pages"}],"about":[{"href":"https:\/\/itsjorna.nl\/index.php?rest_route=\/wp\/v2\/types\/page"}],"author":[{"embeddable":true,"href":"https:\/\/itsjorna.nl\/index.php?rest_route=\/wp\/v2\/users\/1"}],"replies":[{"embeddable":true,"href":"https:\/\/itsjorna.nl\/index.php?rest_route=%2Fwp%2Fv2%2Fcomments&post=468"}],"version-history":[{"count":1,"href":"https:\/\/itsjorna.nl\/index.php?rest_route=\/wp\/v2\/pages\/468\/revisions"}],"predecessor-version":[{"id":533,"href":"https:\/\/itsjorna.nl\/index.php?rest_route=\/wp\/v2\/pages\/468\/revisions\/533"}],"wp:attachment":[{"href":"https:\/\/itsjorna.nl\/index.php?rest_route=%2Fwp%2Fv2%2Fmedia&parent=468"}],"curies":[{"name":"wp","href":"https:\/\/api.w.org\/{rel}","templated":true}]}}