{"id":461,"date":"2019-04-12T14:32:16","date_gmt":"2019-04-12T14:32:16","guid":{"rendered":"http:\/\/itsjorna.nl\/?page_id=282"},"modified":"2019-05-09T09:15:24","modified_gmt":"2019-05-09T09:15:24","slug":"maschinenuberholung","status":"publish","type":"page","link":"https:\/\/itsjorna.nl\/?page_id=461&lang=de","title":{"rendered":"Maschinen\u00fcberholung"},"content":{"rendered":"\n<p>Eine Maschine zu ersetzen, ist nicht immer die erste oder beste Wahl. Kosten sind oft eine gro\u00dfe \u00dcberlegung.<\/p>\n\n\n\n<p>Das \u00dcberholen einer Maschine kann notwendig sein oder einfach die beste Alternative.<\/p>\n\n\n\n<p>Ich habe ein umfangreiches Netzwerk von Spezialisten, um eine komplette \u00dcberarbeitung durchzuf\u00fchren.<\/p>\n\n\n\n<p>Die Bilder Below zeigen, wie ich zusammen mit einem Team von technischen Fachleuten eine Hydraulikpresse komplett \u00fcberarbeitet und an die heutige technische Position angepasst habe.<\/p>\n\n\n\n<p>Hier werden die elektrische und hydraulische Lenkung ausgetauscht und verschiedene mechanische Komponenten \u00fcberarbeitet oder ausgetauscht. Das Maschinengeh\u00e4use wurde neu gestaltet. Mehr Sicherheit, Erh\u00f6hung der Einsicht (Visualisierung) und Effizienz kommen im neuen Design zusammen.<\/p>\n\n\n\n<div class=\"wp-block-image\"><figure class=\"alignleft is-resized\"><img loading=\"lazy\" decoding=\"async\" src=\"http:\/\/itsjorna.nl\/wp-content\/uploads\/2019\/04\/nieuwe-pers-030-768x1024.jpg\" alt=\"\" class=\"wp-image-342\" width=\"317\" height=\"423\" srcset=\"https:\/\/itsjorna.nl\/wp-content\/uploads\/2019\/04\/nieuwe-pers-030-768x1024.jpg 768w, https:\/\/itsjorna.nl\/wp-content\/uploads\/2019\/04\/nieuwe-pers-030-225x300.jpg 225w, https:\/\/itsjorna.nl\/wp-content\/uploads\/2019\/04\/nieuwe-pers-030.jpg 960w\" sizes=\"auto, (max-width: 317px) 100vw, 317px\" \/><figcaption>Maschine im Originalzustand<br><br><\/figcaption><\/figure><\/div>\n\n\n\n<div class=\"wp-block-image\"><figure class=\"alignleft is-resized\"><img loading=\"lazy\" decoding=\"async\" src=\"http:\/\/itsjorna.nl\/wp-content\/uploads\/2019\/04\/Revisie-HFA-400-kaal-e1555250910807-681x1024.jpg\" alt=\"\" class=\"wp-image-344\" width=\"281\" height=\"422\" srcset=\"https:\/\/itsjorna.nl\/wp-content\/uploads\/2019\/04\/Revisie-HFA-400-kaal-e1555250910807-681x1024.jpg 681w, https:\/\/itsjorna.nl\/wp-content\/uploads\/2019\/04\/Revisie-HFA-400-kaal-e1555250910807-199x300.jpg 199w, https:\/\/itsjorna.nl\/wp-content\/uploads\/2019\/04\/Revisie-HFA-400-kaal-e1555250910807-768x1155.jpg 768w, https:\/\/itsjorna.nl\/wp-content\/uploads\/2019\/04\/Revisie-HFA-400-kaal-e1555250910807.jpg 2000w\" sizes=\"auto, (max-width: 281px) 100vw, 281px\" \/><figcaption>Maschine ist komplett gestreift<\/figcaption><\/figure><\/div>\n\n\n\n<div class=\"wp-block-image\"><figure class=\"alignleft is-resized\"><img loading=\"lazy\" decoding=\"async\" src=\"http:\/\/itsjorna.nl\/wp-content\/uploads\/2019\/04\/Revisie-HFA-400-klaar-970x1024.jpg\" alt=\"\" class=\"wp-image-345\" width=\"398\" height=\"419\" srcset=\"https:\/\/itsjorna.nl\/wp-content\/uploads\/2019\/04\/Revisie-HFA-400-klaar-970x1024.jpg 970w, https:\/\/itsjorna.nl\/wp-content\/uploads\/2019\/04\/Revisie-HFA-400-klaar-284x300.jpg 284w, https:\/\/itsjorna.nl\/wp-content\/uploads\/2019\/04\/Revisie-HFA-400-klaar-768x810.jpg 768w, https:\/\/itsjorna.nl\/wp-content\/uploads\/2019\/04\/Revisie-HFA-400-klaar.jpg 1952w\" sizes=\"auto, (max-width: 398px) 100vw, 398px\" \/><figcaption>Maschine wurde komplett \u00fcberholt<\/figcaption><\/figure><\/div>\n","protected":false},"excerpt":{"rendered":"<p>Eine Maschine zu ersetzen, ist nicht immer die erste oder beste Wahl. Kosten sind oft eine gro\u00dfe \u00dcberlegung. Das \u00dcberholen einer Maschine kann notwendig sein&hellip;<\/p>\n","protected":false},"author":1,"featured_media":0,"parent":0,"menu_order":0,"comment_status":"closed","ping_status":"closed","template":"","meta":{"footnotes":""},"class_list":["post-461","page","type-page","status-publish","hentry"],"_links":{"self":[{"href":"https:\/\/itsjorna.nl\/index.php?rest_route=\/wp\/v2\/pages\/461","targetHints":{"allow":["GET"]}}],"collection":[{"href":"https:\/\/itsjorna.nl\/index.php?rest_route=\/wp\/v2\/pages"}],"about":[{"href":"https:\/\/itsjorna.nl\/index.php?rest_route=\/wp\/v2\/types\/page"}],"author":[{"embeddable":true,"href":"https:\/\/itsjorna.nl\/index.php?rest_route=\/wp\/v2\/users\/1"}],"replies":[{"embeddable":true,"href":"https:\/\/itsjorna.nl\/index.php?rest_route=%2Fwp%2Fv2%2Fcomments&post=461"}],"version-history":[{"count":6,"href":"https:\/\/itsjorna.nl\/index.php?rest_route=\/wp\/v2\/pages\/461\/revisions"}],"predecessor-version":[{"id":614,"href":"https:\/\/itsjorna.nl\/index.php?rest_route=\/wp\/v2\/pages\/461\/revisions\/614"}],"wp:attachment":[{"href":"https:\/\/itsjorna.nl\/index.php?rest_route=%2Fwp%2Fv2%2Fmedia&parent=461"}],"curies":[{"name":"wp","href":"https:\/\/api.w.org\/{rel}","templated":true}]}}